{"id":2767,"date":"2025-07-07T12:51:50","date_gmt":"2025-07-07T12:51:50","guid":{"rendered":"https:\/\/po-eindhoven.nl\/?page_id=2767"},"modified":"2026-02-04T22:57:25","modified_gmt":"2026-02-04T22:57:25","slug":"extern-lid-adviseur-kwaliteitscommissie-alv","status":"publish","type":"page","link":"https:\/\/po-eindhoven.nl\/en\/extern-lid-adviseur-kwaliteitscommissie-alv\/","title":{"rendered":"Extern lid (adviseur) kwaliteitscommissie ALV"},"content":{"rendered":"<div data-elementor-type=\"wp-page\" data-elementor-id=\"2767\" class=\"elementor elementor-2767\" data-elementor-post-type=\"page\">\n\t\t\t\t\t\t<section class=\"elementor-section elementor-top-section elementor-element elementor-element-4206870 elementor-section-boxed elementor-section-height-default elementor-section-height-default\" data-id=\"4206870\" data-element_type=\"section\" data-e-type=\"section\" data-settings=\"{&quot;background_background&quot;:&quot;classic&quot;,&quot;shape_divider_top&quot;:&quot;pyramids&quot;}\">\n\t\t\t\t\t\t\t<div class=\"elementor-background-overlay\"><\/div>\n\t\t\t\t\t\t<div class=\"elementor-shape elementor-shape-top\" aria-hidden=\"true\" data-negative=\"false\">\n\t\t\t<svg xmlns=\"http:\/\/www.w3.org\/2000\/svg\" viewbox=\"0 0 1000 100\" preserveaspectratio=\"none\">\n\t<path class=\"elementor-shape-fill\" d=\"M761.9,44.1L643.1,27.2L333.8,98L0,3.8V0l1000,0v3.9\"\/>\n<\/svg>\t\t<\/div>\n\t\t\t\t\t<div class=\"elementor-container elementor-column-gap-default\">\n\t\t\t\t\t<div class=\"elementor-column elementor-col-100 elementor-top-column elementor-element elementor-element-b98b8df\" data-id=\"b98b8df\" data-element_type=\"column\" data-e-type=\"column\">\n\t\t\t<div class=\"elementor-widget-wrap elementor-element-populated\">\n\t\t\t\t\t\t<section class=\"elementor-section elementor-inner-section elementor-element elementor-element-0b8c741 elementor-reverse-mobile elementor-section-boxed elementor-section-height-default elementor-section-height-default\" data-id=\"0b8c741\" data-element_type=\"section\" data-e-type=\"section\">\n\t\t\t\t\t\t<div class=\"elementor-container elementor-column-gap-default\">\n\t\t\t\t\t<div class=\"elementor-column elementor-col-50 elementor-inner-column elementor-element elementor-element-b52d134\" data-id=\"b52d134\" data-element_type=\"column\" data-e-type=\"column\">\n\t\t\t<div class=\"elementor-widget-wrap elementor-element-populated\">\n\t\t\t\t\t\t<div class=\"elementor-element elementor-element-e82dabe elementor-invisible elementor-widget elementor-widget-text-editor\" data-id=\"e82dabe\" data-element_type=\"widget\" data-e-type=\"widget\" data-settings=\"{&quot;_animation&quot;:&quot;fadeInLeft&quot;}\" data-widget_type=\"text-editor.default\">\n\t\t\t\t<div class=\"elementor-widget-container\">\n\t\t\t\t\t\t\t\t\t<p>Vacature<\/p>\t\t\t\t\t\t\t\t<\/div>\n\t\t\t\t<\/div>\n\t\t\t\t\t<\/div>\n\t\t<\/div>\n\t\t\t\t<div class=\"elementor-column elementor-col-50 elementor-inner-column elementor-element elementor-element-22308a1\" data-id=\"22308a1\" data-element_type=\"column\" data-e-type=\"column\">\n\t\t\t<div class=\"elementor-widget-wrap elementor-element-populated\">\n\t\t\t\t\t\t<div class=\"elementor-element elementor-element-da68434 elementor-widget elementor-widget-image\" data-id=\"da68434\" data-element_type=\"widget\" data-e-type=\"widget\" data-widget_type=\"image.default\">\n\t\t\t\t<div class=\"elementor-widget-container\">\n\t\t\t\t\t\t\t\t\t\t\t\t\t\t\t<img fetchpriority=\"high\" decoding=\"async\" width=\"706\" height=\"475\" src=\"https:\/\/po-eindhoven.nl\/wp-content\/uploads\/2022\/09\/PO-Eindhoven_Header_Professionals.png\" class=\"attachment-large size-large wp-image-1626\" alt=\"\" srcset=\"https:\/\/po-eindhoven.nl\/wp-content\/uploads\/2022\/09\/PO-Eindhoven_Header_Professionals.png 706w, https:\/\/po-eindhoven.nl\/wp-content\/uploads\/2022\/09\/PO-Eindhoven_Header_Professionals-300x202.png 300w\" sizes=\"(max-width: 706px) 100vw, 706px\" \/>\t\t\t\t\t\t\t\t\t\t\t\t\t\t\t<\/div>\n\t\t\t\t<\/div>\n\t\t\t\t\t<\/div>\n\t\t<\/div>\n\t\t\t\t\t<\/div>\n\t\t<\/section>\n\t\t\t\t\t<\/div>\n\t\t<\/div>\n\t\t\t\t\t<\/div>\n\t\t<\/section>\n\t\t\t\t<section class=\"elementor-section elementor-top-section elementor-element elementor-element-ed44254 elementor-section-boxed elementor-section-height-default elementor-section-height-default\" data-id=\"ed44254\" data-element_type=\"section\" data-e-type=\"section\">\n\t\t\t\t\t\t<div class=\"elementor-container elementor-column-gap-default\">\n\t\t\t\t\t<div class=\"elementor-column elementor-col-100 elementor-top-column elementor-element elementor-element-1d182ee\" data-id=\"1d182ee\" data-element_type=\"column\" data-e-type=\"column\">\n\t\t\t<div class=\"elementor-widget-wrap elementor-element-populated\">\n\t\t\t\t\t\t<div class=\"elementor-element elementor-element-8c0beb9 elementor-widget elementor-widget-heading\" data-id=\"8c0beb9\" data-element_type=\"widget\" data-e-type=\"widget\" data-widget_type=\"heading.default\">\n\t\t\t\t<div class=\"elementor-widget-container\">\n\t\t\t\t\t<div class=\"elementor-heading-title elementor-size-default\"><br><b><span style=\"font-size: 18pt;font-family: Calibri, sans-serif\">Samenwerkingsverband Passend Onderwijs - Primair Onderwijs<\/span><\/b>\n<\/div>\t\t\t\t<\/div>\n\t\t\t\t<\/div>\n\t\t\t\t<div class=\"elementor-element elementor-element-384fa7b eael-dual-header-content-mobile-align-left eael-dual-header-content-align-left elementor-widget elementor-widget-eael-dual-color-header\" data-id=\"384fa7b\" data-element_type=\"widget\" data-e-type=\"widget\" data-widget_type=\"eael-dual-color-header.default\">\n\t\t\t\t<div class=\"elementor-widget-container\">\n\t\t\t\t\t\t\t\t<div class=\"eael-dual-header\">\n\t\t\t\t<h2 class=\"title eael-dch-title\"><span class=\"eael-dch-title-text eael-dch-title-lead lead solid-color\">Extern lid (adviseur) <\/span> <span class=\"eael-dch-title-text\">kwaliteitscommissie ALV<\/span><\/h2>\t\t\t<\/div>\n\n\t\t\t\t\t\t<\/div>\n\t\t\t\t<\/div>\n\t\t\t\t<div class=\"elementor-element elementor-element-93c712e elementor-widget elementor-widget-text-editor\" data-id=\"93c712e\" data-element_type=\"widget\" data-e-type=\"widget\" data-widget_type=\"text-editor.default\">\n\t\t\t\t<div class=\"elementor-widget-container\">\n\t\t\t\t\t\t\t\t\t<p><strong>Locatie<\/strong>: Eindhoven, Best, Son en Breugel<br \/><strong>Vergoeding<\/strong>: vrijwilligersvergoeding van \u20ac 1500 per jaar<br \/><strong>Tijdsbelasting<\/strong>: ongeveer 20 \u00e0 30 uur per schooljaar<br \/><strong>Zittingstermijn:<\/strong> drie jaar, met mogelijkheid tot verlenging<br \/><strong>Startdatum<\/strong>: 1 april 2026 of zoveel eerder indien mogelijk<\/p><p><b><span style=\"font-size: 16pt; font-family: Calibri, sans-serif;\">Over ons:<\/span><\/b><br \/>Het Samenwerkingsverband Passend Onderwijs Primair Onderwijs Eindhoven e.o. werkt SAMEN VOOR KINDEREN! Want alle leerlingen verdienen het onderwijs en de ondersteuning die nodig is. Het samenwerkingsverband is een vereniging van 14 schoolbesturen in Eindhoven, Best en Son en Breugel die gezamenlijk zorgen voor passend onderwijs voor alle leerlingen, ongeacht hun ondersteuningsbehoefte. Ons uitgangspunt is dat er voor elk kind goed onderwijs beschikbaar is, liefst zo thuisnabij mogelijk. We werken samen met scholen, ouders, zorgverleners en andere betrokkenen om passend onderwijs te realiseren en inclusief onderwijs mogelijk te maken.<\/p><p><b><span style=\"font-size: 16pt; font-family: Calibri, sans-serif;\">De vacante functie:<\/span><\/b><br \/>Wij zijn op zoek naar twee externe leden voor de kwaliteitscommissie van onze Algemene Ledenvergadering (ALV). De commissie gaat bestaan uit twee externe leden en drie leden vanuit de ALV, waarvan \u00e9\u00e9n de rol van voorzitter heeft. De externe leden fungeren als externe deskundigen op het gebied van het jeugddomein en\/of de kinderopvang\/voorschoolse instellingen en helpen de kwaliteitscommissie bij het adviseren, ondersteunen en voorbereiden voor de ALV op het gebied van kwaliteitsbeleid, kwaliteitsontwikkeling en kwaliteitsborging.<br \/>De kwaliteitscommissie vergadert 3 \u00e0 4 keer per schooljaar en ondersteunt de ALV bij het uitvoeren van de verantwoordelijkheid als intern toezichthouder, specifiek rondom de toetsing van de kwaliteitsnormen. Daarnaast is er een auditcommissie van de ALV die de financi\u00eble sturing toetst en een remuneratiecommissie die de werkgeversrol van de directeur-bestuurder van het SWV vervult.<\/p><p><b><span style=\"font-size: 16pt; font-family: Calibri, sans-serif;\">De taken van de kwaliteitscommissie<\/span><\/b><\/p><ul><li>Het toetsen van de uitvoering van het ondersteuningsplan aan de kwaliteitsnormen en oordeelsvorming over de doeltreffendheid van de ondersteuning aan scholen en leerlingen;<\/li><li>Optreden in opdracht van de ALV als gesprekspartner en klankbord voor de directeur-bestuurder over (de kwaliteit van) ontwikkelingen en uitvoering van beleid en bedrijfsvoering en (het duiden van) monitorgegevens;<\/li><li>Besluiten van de ALV voorbereiden;<\/li><li>De ALV tijdig en adequaat informeren over de taakvervulling en belangrijke trends en ontwikkelingen op het eigen werkgebied.<\/li><\/ul><p><b><span style=\"font-size: 16pt; font-family: Calibri, sans-serif;\">Het profiel dat we zoeken<\/span><\/b><\/p><p>Het betreft \u00e9\u00e9n lid met het profiel jeugddomein en \u00e9\u00e9n met het profiel kinderopvang\/voorschoolse instellingen. Voor beide profielen zoeken wij iemand die:<\/p><ul><li>Deskundigheid en ervaring meebrengt vanuit het jeugddomein en\/of de kinderopvang\/voorschoolse instellingen waarmee je een inhoudelijke bijdrage kunt leveren aan de kwaliteitsbewaking en \u2013 ontwikkeling van het ondersteuningsaanbod binnen ons samenwerkingsverband;<\/li><li>Met jouw kennis en ervaring bijdraagt bij aan de integrale benadering van kindontwikkeling, passend onderwijs en vroegtijdige ondersteuning;<\/li><li>In staat is om kansen en knelpunten te signaleren vanuit het perspectief van jeugdzorg of kinderopvang;<\/li><li>Onafhankelijk, analytisch en besluitvaardig is;<\/li><li>Een verbinder is met oog voor meerdere perspectieven (ouders, kind, school, hulpverlening);<\/li><li>Constructief-kritisch en gericht is op duurzame verbetering van de ondersteuning;<\/li><li>Geen actieve betrokkenheid en\/of banden heeft met instellingen die samenwerken of gelieerd zijn aan scholen binnen het SWV PO Eindhoven of het SWV zelf. (Schijn van) belangenverstrengeling wordt daarmee voorkomen.<\/li><\/ul><p><b><span style=\"font-size: 16pt; font-family: Calibri, sans-serif;\">Het aanbod dat wij bieden:<\/span><\/b><br \/>Als extern lid van de kwaliteitscommissie draag je bij aan de ontwikkeling van passend onderwijs in Eindhoven en omgeving. Je wordt door de ALV benoemd voor de duur van 3 jaar, met mogelijkheid tot eenmalige verlenging voor een tweede termijn. Tijdsinvestering is 3 \u00e0 4 vergaderingen per schooljaar, zowel de vergadertijd (gemiddeld anderhalf uur) als de inleestijd in beleidsstukken en evaluaties. Daarnaast ben je incidenteel beschikbaar voor ad-hoc advies of thematische reflectie voor de directeur-bestuurder. Er wordt een (vrijwilligers)vergoeding van \u20ac 1500 per jaar betaald.<\/p><p><b><span style=\"font-size: 16pt; font-family: Calibri, sans-serif;\">Interesse?<\/span><\/b><br \/>Ben jij het externe commissielid die wij zoeken? Stuur dan v\u00f3\u00f3r 18 januari 2026 je motivatiebrief en CV naar Martin Heeffer (voorzitter kwaliteitscommissie) via <a href=\"mailto:info@po-eindhoven.nl\">info@po-eindhoven.nl<\/a>. Voor vragen of meer informatie over de functie kun je een email met je naam en telefoonnummer sturen naar info@po-eindhoven.nl. Martin zal dan z.s.m. contact met je opnemen.<\/p><p>Sollicitatiegesprekken voor deze vacature zijn gepland op donderdag 5 februari 2026 en dinsdag 10 februari 2026 in de namiddag\/avond in Eindhoven. Benoeming door de ALV is voorzien tijdens de vergadering van 14 april 2026. De startdatum is 1 april 2026 of zoveel eerder indien mogelijk. Het overleggen van een geldige Verklaring Omtrent Gedrag is voorwaardelijk voor benoeming.<\/p><p>We kijken uit naar je reactie!<\/p>\t\t\t\t\t\t\t\t<\/div>\n\t\t\t\t<\/div>\n\t\t\t\t<div class=\"elementor-element elementor-element-6cb2b32 elementor-widget elementor-widget-text-editor\" data-id=\"6cb2b32\" data-element_type=\"widget\" data-e-type=\"widget\" data-widget_type=\"text-editor.default\">\n\t\t\t\t<div class=\"elementor-widget-container\">\n\t\t\t\t\t\t\t\t\t<p>Lorem ipsum dolor sit amet, consectetur adipiscing elit. Ut elit tellus, luctus nec ullamcorper mattis, pulvinar dapibus leo.<\/p>\t\t\t\t\t\t\t\t<\/div>\n\t\t\t\t<\/div>\n\t\t\t\t\t<\/div>\n\t\t<\/div>\n\t\t\t\t\t<\/div>\n\t\t<\/section>\n\t\t\t\t<\/div>","protected":false},"excerpt":{"rendered":"<p>Vacature Samenwerkingsverband Passend Onderwijs &#8211; Primair Onderwijs Extern lid (adviseur) kwaliteitscommissie ALV Locatie: Eindhoven, Best, Son en BreugelVergoeding: vrijwilligersvergoeding van \u20ac 1500 per jaarTijdsbelasting: ongeveer 20 \u00e0 30 uur per schooljaarZittingstermijn: drie jaar, met mogelijkheid tot verlengingStartdatum: 1 april 2026 of zoveel eerder indien mogelijk Over ons:Het Samenwerkingsverband Passend Onderwijs Primair Onderwijs Eindhoven e.o. werkt [&hellip;]<\/p>\n","protected":false},"author":3,"featured_media":0,"parent":0,"menu_order":0,"comment_status":"closed","ping_status":"closed","template":"","meta":{"site-sidebar-layout":"no-sidebar","site-content-layout":"page-builder","ast-site-content-layout":"full-width-container","site-content-style":"default","site-sidebar-style":"default","ast-global-header-display":"","ast-banner-title-visibility":"","ast-main-header-display":"","ast-hfb-above-header-display":"","ast-hfb-below-header-display":"","ast-hfb-mobile-header-display":"","site-post-title":"disabled","ast-breadcrumbs-content":"","ast-featured-img":"disabled","footer-sml-layout":"","ast-disable-related-posts":"","theme-transparent-header-meta":"","adv-header-id-meta":"","stick-header-meta":"","header-above-stick-meta":"","header-main-stick-meta":"","header-below-stick-meta":"","astra-migrate-meta-layouts":"set","ast-page-background-enabled":"default","ast-page-background-meta":{"desktop":{"background-color":"var(--ast-global-color-4)","background-image":"","background-repeat":"repeat","background-position":"center center","background-size":"auto","background-attachment":"scroll","background-type":"","background-media":"","overlay-type":"","overlay-color":"","overlay-opacity":"","overlay-gradient":""},"tablet":{"background-color":"","background-image":"","background-repeat":"repeat","background-position":"center center","background-size":"auto","background-attachment":"scroll","background-type":"","background-media":"","overlay-type":"","overlay-color":"","overlay-opacity":"","overlay-gradient":""},"mobile":{"background-color":"","background-image":"","background-repeat":"repeat","background-position":"center center","background-size":"auto","background-attachment":"scroll","background-type":"","background-media":"","overlay-type":"","overlay-color":"","overlay-opacity":"","overlay-gradient":""}},"ast-content-background-meta":{"desktop":{"background-color":"var(--ast-global-color-5)","background-image":"","background-repeat":"repeat","background-position":"center center","background-size":"auto","background-attachment":"scroll","background-type":"","background-media":"","overlay-type":"","overlay-color":"","overlay-opacity":"","overlay-gradient":""},"tablet":{"background-color":"var(--ast-global-color-5)","background-image":"","background-repeat":"repeat","background-position":"center center","background-size":"auto","background-attachment":"scroll","background-type":"","background-media":"","overlay-type":"","overlay-color":"","overlay-opacity":"","overlay-gradient":""},"mobile":{"background-color":"var(--ast-global-color-5)","background-image":"","background-repeat":"repeat","background-position":"center center","background-size":"auto","background-attachment":"scroll","background-type":"","background-media":"","overlay-type":"","overlay-color":"","overlay-opacity":"","overlay-gradient":""}},"footnotes":""},"class_list":["post-2767","page","type-page","status-publish","hentry"],"_links":{"self":[{"href":"https:\/\/po-eindhoven.nl\/en\/wp-json\/wp\/v2\/pages\/2767","targetHints":{"allow":["GET"]}}],"collection":[{"href":"https:\/\/po-eindhoven.nl\/en\/wp-json\/wp\/v2\/pages"}],"about":[{"href":"https:\/\/po-eindhoven.nl\/en\/wp-json\/wp\/v2\/types\/page"}],"author":[{"embeddable":true,"href":"https:\/\/po-eindhoven.nl\/en\/wp-json\/wp\/v2\/users\/3"}],"replies":[{"embeddable":true,"href":"https:\/\/po-eindhoven.nl\/en\/wp-json\/wp\/v2\/comments?post=2767"}],"version-history":[{"count":5,"href":"https:\/\/po-eindhoven.nl\/en\/wp-json\/wp\/v2\/pages\/2767\/revisions"}],"predecessor-version":[{"id":3042,"href":"https:\/\/po-eindhoven.nl\/en\/wp-json\/wp\/v2\/pages\/2767\/revisions\/3042"}],"wp:attachment":[{"href":"https:\/\/po-eindhoven.nl\/en\/wp-json\/wp\/v2\/media?parent=2767"}],"curies":[{"name":"wp","href":"https:\/\/api.w.org\/{rel}","templated":true}]}}